{"id":376,"date":"2019-01-02T22:50:13","date_gmt":"2019-01-02T21:50:13","guid":{"rendered":"https:\/\/tecnicat.cat\/nova\/web\/pm_user_blogs\/"},"modified":"2019-03-25T15:17:00","modified_gmt":"2019-03-25T14:17:00","slug":"pm_user_blogs","status":"publish","type":"page","link":"https:\/\/tecnicat.cat\/es\/backstage\/pm_user_blogs\/","title":{"rendered":"Blogs de usuarios"},"content":{"rendered":"<p>Blogs de usuarios<\/p>\n<hr \/>\n<p><div class=\"pmagic\">\n<div id=\"pg-user-blog\" class=\"pm-difl\">\n         \n    <div id=\"pg-user-blog-container\" class=\"pm-dbfl\">\n                        <div class=\"pm-blog-post-wrap pm-dbfl\">\n                                                <div class=\"pm-blog-img-wrap pm-difl\">\n                                                        <div class=\"pm-blog-img pm-difl\">\n\t\t\t\t                                <img data-recalc-dims=\"1\" decoding=\"async\" src=\"https:\/\/i0.wp.com\/tecnicat.cat\/wp-content\/plugins\/profilegrid-user-profiles-groups-and-communities\/includes\/..\/public\/partials\/images\/default-featured.jpg?w=738&#038;ssl=1\" alt=\"Bienvenida a la web de Tecnicat\" class=\"pm-user\" \/>\n                                                            <\/div>\n                                                                                    <div class=\"pm-blog-status pm-difl\">\n                                <span class=\"pm-blog-time \">Hace 7 a\u00f1os<\/span>\n                                <span class=\"pm-blog-comment\">sin comentarios<\/span>\n                            <\/div>\n                                                    <\/div>\n                                                <div class=\"pm-blog-desc-wrap pm-difl\">\n                            <div class=\"pm-blog-title\">\n                                <a href=\"https:\/\/tecnicat.cat\/es\/profilegrid_blogs\/bienvenida-a-la-web-de-tecnicat\/\"><span>Bienvenida a la web de Tecnicat<\/span><\/a>\n                            <\/div>\n                                                        <div class=\"pm-blog-desc\">\n                             <p>Hola a tod@s!! Como encargado de la creaci\u00f3n os doy a todas las personas afiliadas\u00a0la bienvenida a la web de Tecnicat. Como ver\u00e9is hemos redise\u00f1ado la web haci\u00e9ndola m\u00e1s atractiva y con nuevos apartados y secciones: &#8211; Sindicato: Con la <a href=\"https:\/\/tecnicat.cat\/es\/profilegrid_blogs\/bienvenida-a-la-web-de-tecnicat\/\" class=\"read-more\">Leer m\u00e1s<\/a><\/p>\n                            <\/div>\n                        <\/div>\n                    <\/div>\n                        <\/div>\n<\/div>\n<\/div>\n<\/p>","protected":false},"excerpt":{"rendered":"<p>Blogs de usuarios<\/p>\n","protected":false},"author":5,"featured_media":0,"parent":337,"menu_order":0,"comment_status":"closed","ping_status":"closed","template":"","meta":{"jetpack_post_was_ever_published":false,"footnotes":""},"class_list":["post-376","page","type-page","status-publish","hentry"],"jetpack_sharing_enabled":false,"jetpack_shortlink":"https:\/\/wp.me\/PbieXp-64","jetpack_likes_enabled":false,"_links":{"self":[{"href":"https:\/\/tecnicat.cat\/es\/wp-json\/wp\/v2\/pages\/376","targetHints":{"allow":["GET"]}}],"collection":[{"href":"https:\/\/tecnicat.cat\/es\/wp-json\/wp\/v2\/pages"}],"about":[{"href":"https:\/\/tecnicat.cat\/es\/wp-json\/wp\/v2\/types\/page"}],"author":[{"embeddable":true,"href":"https:\/\/tecnicat.cat\/es\/wp-json\/wp\/v2\/users\/5"}],"replies":[{"embeddable":true,"href":"https:\/\/tecnicat.cat\/es\/wp-json\/wp\/v2\/comments?post=376"}],"version-history":[{"count":2,"href":"https:\/\/tecnicat.cat\/es\/wp-json\/wp\/v2\/pages\/376\/revisions"}],"predecessor-version":[{"id":520,"href":"https:\/\/tecnicat.cat\/es\/wp-json\/wp\/v2\/pages\/376\/revisions\/520"}],"up":[{"embeddable":true,"href":"https:\/\/tecnicat.cat\/es\/wp-json\/wp\/v2\/pages\/337"}],"wp:attachment":[{"href":"https:\/\/tecnicat.cat\/es\/wp-json\/wp\/v2\/media?parent=376"}],"curies":[{"name":"wp","href":"https:\/\/api.w.org\/{rel}","templated":true}]}}