{"id":3,"date":"2018-12-05T09:40:15","date_gmt":"2018-12-05T09:40:15","guid":{"rendered":"https:\/\/tecnicat.cat\/nova\/web\/\/?page_id=3"},"modified":"2019-01-18T20:26:06","modified_gmt":"2019-01-18T19:26:06","slug":"politica-privacitat","status":"publish","type":"page","link":"https:\/\/tecnicat.cat\/es\/politica-privacitat\/","title":{"rendered":"Pol\u00edtica de Privacidad"},"content":{"rendered":"<p><\/p>\n<h2><strong>Quienes somos.<\/strong><\/h2>\n<p>Tecnicat.cat es la web creada desde el Sindicato de Trabajadores del Espect\u00e1culo <strong>TECNICAT<\/strong>.<\/p>\n<p>Dentro de la Asamblea existen varias Comisiones: <a href=\"http:\/\/tecnicat.cat\/sindicat\/comissio-legalitat\/\">Legalidad<\/a>, <a href=\"http:\/\/tecnicat.cat\/sindicat\/comissions\/comissio-base-de-dades\/\">Base de Datos<\/a>, <a href=\"http:\/\/tecnicat.cat\/sindicat\/comissio-comunicacio\/\">Comunicaci\u00f3n<\/a>, <a href=\"http:\/\/tecnicat.cat\/sindicat\/comissio-feminista\/\">Feminista<\/a> y la <a href=\"http:\/\/tecnicat.cat\/sindicat\/comissio-gestora\/\">Comisi\u00f3n Gestora<\/a>. Puedes encontrar m\u00e1s informaci\u00f3n y el contacto en el apartado de cada Comisi\u00f3n dentro de la p\u00e1gina web.<\/p>\n<p>Todo el trabajo que se est\u00e1 de haciendo desde las Comisiones para esta iniciativa es altruista y voluntario.<\/p>\n<h2><strong>Qu\u00e9 datos personales recogemos y Por qu\u00e9.<\/strong><\/h2>\n<h3><strong>Datos Personales<\/strong><\/h3>\n<p>Cuando una persona se inscribe en nuestro censo solicitamos varios datos personales: correo electr\u00f3nico, nombre y apellidos, fecha de nacimiento, Tel\u00e9fono, categor\u00eda profesional, Condici\u00f3n laboral y si forma parte de alguna empresa, Instituci\u00f3n, asociaci\u00f3n o entidad.<\/p>\n<p>Todos estos datos a los recogemos para poder llevar una estad\u00edstica sobre a los profesionales del sector audiovisual en Catalu\u00f1a.<\/p>\n<p>Los datos personales queden guardados en una base de datos segura y velamos por la seguridad de ella as\u00ed como por la transparencia nuestras intenciones.<\/p>\n<p>\u00danicamente utilizaremos a los contactos para compartir publicaciones provenientes de la Asamblea.<\/p>\n<p>Nunca mostraremos, cederemos o compartiremos ning\u00fan dato registrada con ninguna persona o entidad. Excepto por orden judicial y en tal caso las personas registradas ser\u00e1n comunicadas inmediatamente.<\/p>\n<h3><strong>Cookies<\/strong><\/h3>\n<p>Nuestra p\u00e1gina utiliza cookies como medio para las Estad\u00edsticas de Interacci\u00f3n en web (Google Analytics).<\/p>\n<p>Estas cookies no contienen datos personales aunque s\u00ed contienen datos de geolocalizaci\u00f3n.<\/p>\n<p>&nbsp;<\/p>\n<p>Cu\u00e1nto tiempo mantenemos los datos personales.<\/p>\n<p>En el Momento que la persona registrada cancela la suscripci\u00f3n sus datos personales quedan borrados de nuestra base de datos asistiendo al &#8216;Derecho de Olvido&#8217; de usuarios.<\/p>\n<p>Las personas registradas pueden cancelar la suscripci\u00f3n en cualquier momento a trav\u00e9s del enlace que aparece al pie de cada email nuestro que recibe, modificar sus datos personales volviendo a completar el formulario de inscripci\u00f3n con los nuevos datos, o solicit\u00e1ndolo directamente a nuestro email: <a href=\"mailto:basededades@tecnicat.cat\">basededades@tecnicat.cat<\/a><\/p>","protected":false},"excerpt":{"rendered":"<p>Quienes somos. Tecnicat.cat es la web creada desde el Sindicato de Trabajadores del Espect\u00e1culo TECNICAT. Dentro de la Asamblea existen varias Comisiones: Legalidad, Base de Datos, Comunicaci\u00f3n, Feminista y la Comisi\u00f3n Gestora. Puedes encontrar m\u00e1s informaci\u00f3n y el contacto en <a href=\"https:\/\/tecnicat.cat\/es\/politica-privacitat\/\" class=\"read-more\">Leer m\u00e1s<\/a><\/p>\n","protected":false},"author":5,"featured_media":0,"parent":0,"menu_order":0,"comment_status":"closed","ping_status":"closed","template":"","meta":{"jetpack_post_was_ever_published":false,"footnotes":""},"class_list":["post-3","page","type-page","status-publish","hentry"],"jetpack_sharing_enabled":false,"jetpack_shortlink":"https:\/\/wp.me\/PbieXp-3","jetpack_likes_enabled":false,"_links":{"self":[{"href":"https:\/\/tecnicat.cat\/es\/wp-json\/wp\/v2\/pages\/3","targetHints":{"allow":["GET"]}}],"collection":[{"href":"https:\/\/tecnicat.cat\/es\/wp-json\/wp\/v2\/pages"}],"about":[{"href":"https:\/\/tecnicat.cat\/es\/wp-json\/wp\/v2\/types\/page"}],"author":[{"embeddable":true,"href":"https:\/\/tecnicat.cat\/es\/wp-json\/wp\/v2\/users\/5"}],"replies":[{"embeddable":true,"href":"https:\/\/tecnicat.cat\/es\/wp-json\/wp\/v2\/comments?post=3"}],"version-history":[{"count":3,"href":"https:\/\/tecnicat.cat\/es\/wp-json\/wp\/v2\/pages\/3\/revisions"}],"predecessor-version":[{"id":456,"href":"https:\/\/tecnicat.cat\/es\/wp-json\/wp\/v2\/pages\/3\/revisions\/456"}],"wp:attachment":[{"href":"https:\/\/tecnicat.cat\/es\/wp-json\/wp\/v2\/media?parent=3"}],"curies":[{"name":"wp","href":"https:\/\/api.w.org\/{rel}","templated":true}]}}