{"id":246,"date":"2018-12-26T22:44:42","date_gmt":"2018-12-26T21:44:42","guid":{"rendered":"https:\/\/tecnicat.cat\/nova\/web\/?page_id=246"},"modified":"2019-01-18T20:26:07","modified_gmt":"2019-01-18T19:26:07","slug":"termes-de-servei","status":"publish","type":"page","link":"https:\/\/tecnicat.cat\/es\/termes-de-servei\/","title":{"rendered":"T\u00e9rminos de Servicio"},"content":{"rendered":"<p>T\u00e9rminos de Servicio para las personas suscritas y afiliadas a la web de Tecnicat, &#8216;www.tecnicat.cat&#8217;.<\/p>\r\n<p>Debes aceptar estos t\u00e9rminos para poder registrate en la web.<\/p>\r\n<hr \/>\r\n<h1 style=\"text-align: center;\">T\u00e9rminos de servicio<\/h1>\r\n<p>&nbsp;<\/p>\r\n<h2>1. Uso dentro de la web<\/h2>\r\n<h3>1.1 Participaci\u00f3n y afiliaci\u00f3n<\/h3>\r\n<p>Para poder participar en las diferentes secciones de nuestra web tecnicat.cat es obligatoria la afiliaci\u00f3n y la aceptaci\u00f3n de estos t\u00e9rminos de servicio y uso.<\/p>\r\n<p>La Afiliaci\u00f3n al sindicato conlleva un coste inicial de 10\u20ac de inscripci\u00f3n y 10\u20ac mensuales que se\u00ad cobrar\u00e1n al inicio de cada trimestre.<\/p>\r\n<p>El primer pago se realizar\u00e1 a trav\u00e9s de tu tarjeta de cr\u00e9dito\/d\u00e9bito y las mensualidades ser\u00e1n giradas a trav\u00e9s de nuestra entidad bancaria al inicio de cada trimestre desde la fecha en que se realice el pago de los diez euros iniciales.<\/p>\r\n<p>A cada afiliado\/a se le asignar\u00e1 un n\u00famero de afiliado\/a consecutivo que se ver\u00e1 reflejado en su perfil.<\/p>\r\n<p>Si por alg\u00fan inconveniente nos llegara aviso de la entidad bancaria por impago de alg\u00fan giro bancario nos pondr\u00edamos en contacto con el\/la afiliado\/a para solucionar esta situaci\u00f3n. En el caso de no conseguir contactar con el\/la afiliado\/a o no tener respuesta por su parte a las comunicaciones, \u00e9ste dispondr\u00e1 de 15 d\u00edas naturales para resolver el impago antes de proceder de darle de baja.<\/p>\r\n<p>Una vez dado\/a de baja un\/a afiliado\/a sus datos ser\u00e1n borrados de nuestra base de datos. Si \u00e9ste\/a afiliado\/a quiere volver a afiliarse deber\u00e1 volver a pagar los 10\u20ac de inscripci\u00f3n.<\/p>\r\n<p>Los datos que cada afiliado\/a comparta con nosotros y con la web deben ser aut\u00e9nticos y fiables.<\/p>\r\n<p>Ingresa en el siguiente enlace para saber sobre nuestra &#8216;<a href=\"http:\/\/tecnicat.cat\/politica-privacitat\/\">Pol\u00edtica de Privacidad<\/a>&#8216;<\/p>\r\n<h3>1.2 Mal uso de la web<\/h3>\r\n<p>Como norma principal establecemos que las comunicaciones entre usuarios\/as sean cordiales y educadas. Cualquier insulto, vejaci\u00f3n o discriminaci\u00f3n de cualquier persona, entidad o agrupaci\u00f3n de personas est\u00e1 prohibido y ser\u00e1 considerado como mal uso de la web.<\/p>\r\n<p>No est\u00e1 permitido compartir archivos, im\u00e1genes, videos o enlaces que contengan pornograf\u00eda, violencia, insultos \u2026 y todo aquello que no tenga relevancia con nuestro sector laboral: audiovisuales y espect\u00e1culos.<\/p>\r\n<p>Las notificaciones que nos lleguen ser\u00e1n estudiadas y se proceder\u00e1 a la mediaci\u00f3n y resoluci\u00f3n del conflicto pudiendo llegar a vetar a los usuarios\/as que hagan un mal uso de la web.<\/p>\r\n<p>Los datos personales mostrados pueden cambiarse en cualquier momento mediante la pesta\u00f1a \u2018Ajustes\u2019 de tu perfil.<\/p>\r\n<p>Tambi\u00e9n se pueden modificar o cancelar los datos personales mediante solicitud al correo <a href=\"mailto:basededades@tecnicat.cat?subject=Modificacion%20o%20cancelacion%20de%20afiliacion\">basededades@tecnicat.cat<\/a><\/p>\r\n<p>&nbsp;<\/p>\r\n<h2>2. \u2018Backstage\u2019<\/h2>\r\n<p>Dentro de la pesta\u00f1a \u2018Backstage\u2019 situada en el men\u00fa principal se encuentra la secci\u00f3n \u2018Perfil\u2019 (en el caso de no haber iniciado sesi\u00f3n aparecer\u00e1 la pesta\u00f1a \u2018Entrar\u2019 para iniciar sesi\u00f3n).<\/p>\r\n<h3>2.1. Perfil<\/h3>\r\n<p>Dentro de la secci\u00f3n \u2018Perfil\u2019 se encuentran varias pesta\u00f1as relacionadas:<\/p>","protected":false},"excerpt":{"rendered":"<p>T\u00e9rminos de Servicio para las personas suscritas y afiliadas a la web de Tecnicat, &#8216;www.tecnicat.cat&#8217;. Debes aceptar estos t\u00e9rminos para poder registrate en la web. T\u00e9rminos de servicio &nbsp; 1. Uso dentro de la web 1.1 Participaci\u00f3n y afiliaci\u00f3n Para <a href=\"https:\/\/tecnicat.cat\/es\/termes-de-servei\/\" class=\"read-more\">Leer m\u00e1s<\/a><\/p>\n","protected":false},"author":5,"featured_media":0,"parent":0,"menu_order":0,"comment_status":"closed","ping_status":"closed","template":"","meta":{"jetpack_post_was_ever_published":false,"footnotes":""},"class_list":["post-246","page","type-page","status-publish","hentry"],"jetpack_sharing_enabled":false,"jetpack_shortlink":"https:\/\/wp.me\/PbieXp-3Y","jetpack_likes_enabled":false,"_links":{"self":[{"href":"https:\/\/tecnicat.cat\/es\/wp-json\/wp\/v2\/pages\/246","targetHints":{"allow":["GET"]}}],"collection":[{"href":"https:\/\/tecnicat.cat\/es\/wp-json\/wp\/v2\/pages"}],"about":[{"href":"https:\/\/tecnicat.cat\/es\/wp-json\/wp\/v2\/types\/page"}],"author":[{"embeddable":true,"href":"https:\/\/tecnicat.cat\/es\/wp-json\/wp\/v2\/users\/5"}],"replies":[{"embeddable":true,"href":"https:\/\/tecnicat.cat\/es\/wp-json\/wp\/v2\/comments?post=246"}],"version-history":[{"count":5,"href":"https:\/\/tecnicat.cat\/es\/wp-json\/wp\/v2\/pages\/246\/revisions"}],"predecessor-version":[{"id":517,"href":"https:\/\/tecnicat.cat\/es\/wp-json\/wp\/v2\/pages\/246\/revisions\/517"}],"wp:attachment":[{"href":"https:\/\/tecnicat.cat\/es\/wp-json\/wp\/v2\/media?parent=246"}],"curies":[{"name":"wp","href":"https:\/\/api.w.org\/{rel}","templated":true}]}}