{"id":201,"date":"2018-12-24T13:11:01","date_gmt":"2018-12-24T12:11:01","guid":{"rendered":"https:\/\/tecnicat.cat\/nova\/web\/?page_id=201"},"modified":"2019-05-13T19:59:48","modified_gmt":"2019-05-13T17:59:48","slug":"enquestes","status":"publish","type":"page","link":"https:\/\/tecnicat.cat\/es\/enquestes\/","title":{"rendered":"Encuestas"},"content":{"rendered":"<p>Habitualmente realizamos encuestas para sondeo de la situaci\u00f3n laboral, para concretar temas de votaci\u00f3n y otros asuntos.<br \/>Si\u00e9ntete libre de responder lo m\u00e1s sinceramente posible. Tu resposta es importante para nosotros.<\/p>\r\n\r\n<p>&nbsp;<\/p>\r\n\r\n<p><br \/>Muchas gracias por colaborar!<\/p>\r\n\r\n<p>&nbsp;<\/p>\r\n\r\n<p>&nbsp;<\/p>\r\n<hr \/>\r\n<p>&nbsp;<\/p>","protected":false},"excerpt":{"rendered":"<p>Habitualmente realizamos encuestas para sondeo de la situaci\u00f3n laboral, para concretar temas de votaci\u00f3n y otros asuntos.Si\u00e9ntete libre de responder lo m\u00e1s sinceramente posible. Tu resposta es importante para nosotros. &nbsp; Muchas gracias por colaborar! &nbsp;<\/p>\n","protected":false},"author":5,"featured_media":0,"parent":0,"menu_order":1,"comment_status":"closed","ping_status":"closed","template":"","meta":{"footnotes":""},"class_list":["post-201","page","type-page","status-publish","hentry"],"jetpack_sharing_enabled":true,"jetpack_shortlink":"https:\/\/wp.me\/PbieXp-3f","jetpack_likes_enabled":false,"_links":{"self":[{"href":"https:\/\/tecnicat.cat\/es\/wp-json\/wp\/v2\/pages\/201","targetHints":{"allow":["GET"]}}],"collection":[{"href":"https:\/\/tecnicat.cat\/es\/wp-json\/wp\/v2\/pages"}],"about":[{"href":"https:\/\/tecnicat.cat\/es\/wp-json\/wp\/v2\/types\/page"}],"author":[{"embeddable":true,"href":"https:\/\/tecnicat.cat\/es\/wp-json\/wp\/v2\/users\/5"}],"replies":[{"embeddable":true,"href":"https:\/\/tecnicat.cat\/es\/wp-json\/wp\/v2\/comments?post=201"}],"version-history":[{"count":17,"href":"https:\/\/tecnicat.cat\/es\/wp-json\/wp\/v2\/pages\/201\/revisions"}],"predecessor-version":[{"id":849,"href":"https:\/\/tecnicat.cat\/es\/wp-json\/wp\/v2\/pages\/201\/revisions\/849"}],"wp:attachment":[{"href":"https:\/\/tecnicat.cat\/es\/wp-json\/wp\/v2\/media?parent=201"}],"curies":[{"name":"wp","href":"https:\/\/api.w.org\/{rel}","templated":true}]}}