{"id":195,"date":"2018-12-24T12:57:50","date_gmt":"2018-12-24T11:57:50","guid":{"rendered":"https:\/\/tecnicat.cat\/nova\/web\/?page_id=195"},"modified":"2020-05-17T11:48:57","modified_gmt":"2020-05-17T09:48:57","slug":"p-e-a-t-e","status":"publish","type":"page","link":"https:\/\/tecnicat.cat\/es\/noticies\/p-e-a-t-e\/","title":{"rendered":"P.E.A.T.E."},"content":{"rendered":"<!-- wp:paragraph -->\r\n<p>Noticias provenientes de la Plataforma Estatal de Asociaciones del Espect\u00e1culo (P.E.A.T.E.).<\/p>\r\n<hr \/>\r\n<h2><a href=\"http:\/\/tecnicat.cat\/creacion-de-la-plataforma-p-e-a-t-e\/\">CREACI\u00d3N DE LA PLATAFORMA P.E.A.T.E.<\/a><\/h2>\r\n<p>Acuerdan por unanimidad crear una Plataforma Estatal de Asociaciones de T\u00e9cnic@s del Espect\u00e1culo con una serie de objetivos de partida para trabajar en com\u00fan.<\/p>\r\n<hr \/>\r\n<h2><a href=\"http:\/\/tecnicat.cat\/2a-reunio-de-peate\/\">2\u00aa REUNI\u00d3N DE P.E.A.T.E.<\/a><\/h2>\r\n<p>Reunidos en Madrid los representantes de las asociaciones:<\/p>\r\n<p><strong>APTAEEX,\u00a0ATEC,\u00a0APTAMAD,\u00a0APTAECAN,\u00a0ATAE\u00a0Estatal,\u00a0ATAE Arag\u00f3,\u00a0TECNICAT<\/strong><\/p>\r\n<hr \/>\r\n<h2><a href=\"https:\/\/tecnicat.cat\/wp-content\/uploads\/2019\/06\/Reunio\u0301n-PEATE-con-Prevent-Event.pdf\">Reunio\u0301n PEATE con Prevent Event<\/a><\/h2>\r\n<!-- \/wp:paragraph -->","protected":false},"excerpt":{"rendered":"<p>Noticias provenientes de la Plataforma Estatal de Asociaciones del Espect\u00e1culo (P.E.A.T.E.). CREACI\u00d3N DE LA PLATAFORMA P.E.A.T.E. Acuerdan por unanimidad crear una Plataforma Estatal de Asociaciones de T\u00e9cnic@s del Espect\u00e1culo con una serie de objetivos de partida para trabajar en com\u00fan. <a href=\"https:\/\/tecnicat.cat\/es\/noticies\/p-e-a-t-e\/\" class=\"read-more\">Leer m\u00e1s<\/a><\/p>\n","protected":false},"author":5,"featured_media":1315,"parent":23,"menu_order":2,"comment_status":"closed","ping_status":"closed","template":"","meta":{"jetpack_post_was_ever_published":false,"footnotes":""},"class_list":["post-195","page","type-page","status-publish","has-post-thumbnail","hentry"],"jetpack_sharing_enabled":true,"jetpack_shortlink":"https:\/\/wp.me\/PbieXp-39","jetpack_likes_enabled":false,"_links":{"self":[{"href":"https:\/\/tecnicat.cat\/es\/wp-json\/wp\/v2\/pages\/195","targetHints":{"allow":["GET"]}}],"collection":[{"href":"https:\/\/tecnicat.cat\/es\/wp-json\/wp\/v2\/pages"}],"about":[{"href":"https:\/\/tecnicat.cat\/es\/wp-json\/wp\/v2\/types\/page"}],"author":[{"embeddable":true,"href":"https:\/\/tecnicat.cat\/es\/wp-json\/wp\/v2\/users\/5"}],"replies":[{"embeddable":true,"href":"https:\/\/tecnicat.cat\/es\/wp-json\/wp\/v2\/comments?post=195"}],"version-history":[{"count":8,"href":"https:\/\/tecnicat.cat\/es\/wp-json\/wp\/v2\/pages\/195\/revisions"}],"predecessor-version":[{"id":1323,"href":"https:\/\/tecnicat.cat\/es\/wp-json\/wp\/v2\/pages\/195\/revisions\/1323"}],"up":[{"embeddable":true,"href":"https:\/\/tecnicat.cat\/es\/wp-json\/wp\/v2\/pages\/23"}],"wp:featuredmedia":[{"embeddable":true,"href":"https:\/\/tecnicat.cat\/es\/wp-json\/wp\/v2\/media\/1315"}],"wp:attachment":[{"href":"https:\/\/tecnicat.cat\/es\/wp-json\/wp\/v2\/media?parent=195"}],"curies":[{"name":"wp","href":"https:\/\/api.w.org\/{rel}","templated":true}]}}