{"id":1602,"date":"2023-02-24T18:59:46","date_gmt":"2023-02-24T17:59:46","guid":{"rendered":"https:\/\/tecnicat.cat\/forgot-password\/"},"modified":"2023-02-24T18:59:46","modified_gmt":"2023-02-24T17:59:46","slug":"forgot-password","status":"publish","type":"page","link":"https:\/\/tecnicat.cat\/es\/forgot-password\/","title":{"rendered":"Forgot Password"},"content":{"rendered":"<div class=\"pmagic\">  \n <div class=\"pm-login-box pm-dbfl pm-border pm-radius5\"> \n\n \n \n <form id=\"lostpasswordform\" class=\"pmagic-form pm-dbfl pm-bg-lt\"\n       action=\"https:\/\/tecnicat.cat\/wp-login.php?action=lostpassword\" method=\"post\">\n\n     <input type=\"hidden\" name=\"pm_password_nonce\" value=\"d1e05f601d\" \/>\n     <div class=\"pm-login-header pm-dbfl pm-bg pm-border-bt pm-pad10\">\n         Si has perdido tu contrase\u00f1a, podemos ayudarte a restablecerla. Para iniciar el proceso de restablecimiento de contrase\u00f1a, introduce tu nombre de usuario o correo electr\u00f3nico en el cuadro a continuaci\u00f3n y haz clic en el bot\u00f3n.     <\/div>\n\n     <input type=\"text\" \n            name=\"user_login\" \n            id=\"user_login\" \n            placeholder=\"Correo electr\u00f3nico o nombre de usuario\">\n\n     <div class=\"pm-login-box-bottom-container pm-dbfl pm-bg pm-border\">\n         <input type=\"submit\" name=\"submit\" class=\"lostpassword-button\"\n                value=\"Restablecer contrase\u00f1a\"\/>\n     <\/div>\n\n <\/form>\n\n \n <\/div>\n<\/div>\n\n","protected":false},"excerpt":{"rendered":"","protected":false},"author":0,"featured_media":0,"parent":0,"menu_order":0,"comment_status":"closed","ping_status":"closed","template":"","meta":{"jetpack_post_was_ever_published":false,"footnotes":""},"class_list":["post-1602","page","type-page","status-publish","hentry"],"jetpack_sharing_enabled":true,"jetpack_shortlink":"https:\/\/wp.me\/PbieXp-pQ","jetpack_likes_enabled":false,"_links":{"self":[{"href":"https:\/\/tecnicat.cat\/es\/wp-json\/wp\/v2\/pages\/1602","targetHints":{"allow":["GET"]}}],"collection":[{"href":"https:\/\/tecnicat.cat\/es\/wp-json\/wp\/v2\/pages"}],"about":[{"href":"https:\/\/tecnicat.cat\/es\/wp-json\/wp\/v2\/types\/page"}],"replies":[{"embeddable":true,"href":"https:\/\/tecnicat.cat\/es\/wp-json\/wp\/v2\/comments?post=1602"}],"version-history":[{"count":0,"href":"https:\/\/tecnicat.cat\/es\/wp-json\/wp\/v2\/pages\/1602\/revisions"}],"wp:attachment":[{"href":"https:\/\/tecnicat.cat\/es\/wp-json\/wp\/v2\/media?parent=1602"}],"curies":[{"name":"wp","href":"https:\/\/api.w.org\/{rel}","templated":true}]}}