{"id":126,"date":"2018-12-10T20:49:36","date_gmt":"2018-12-10T19:49:36","guid":{"rendered":"https:\/\/tecnicat.cat\/nova\/web\/?page_id=126"},"modified":"2019-03-24T12:23:51","modified_gmt":"2019-03-24T11:23:51","slug":"comissio-comunicacio","status":"publish","type":"page","link":"https:\/\/tecnicat.cat\/es\/sindicat\/comissions\/comissio-comunicacio\/","title":{"rendered":"Comisi\u00f3n Comunicaci\u00f3n"},"content":{"rendered":"<p>La comisi\u00f3n de Comunicaci\u00f3n es la encargada de elaborar la comunicaci\u00f3n con las personas inscritas y publicaciones en los social media.<\/p>\n<p>Nuestra funci\u00f3n es desarrollar campa\u00f1as informativas sobre nuestra situaci\u00f3n, las acciones de sindicato, y todo lo que ocurra alrededor de nuestro sector.<\/p>\n<p>Difundimos la informaci\u00f3n porque es poder y capacidad de decisi\u00f3n.<\/p>\n<p>Para ponerte en contacto con la comisi\u00f3n de comunicaci\u00f3n env\u00eda un correo electr\u00f3nico a:<\/p>\n<p><a href=\"mailto:comunicacio@tecnicat.cat\">comunicacio@tecnicat.cat<\/a><\/p>","protected":false},"excerpt":{"rendered":"<p>La comisi\u00f3n de Comunicaci\u00f3n es la encargada de elaborar la comunicaci\u00f3n con las personas inscritas y publicaciones en los social media. Nuestra funci\u00f3n es desarrollar campa\u00f1as informativas sobre nuestra situaci\u00f3n, las acciones de sindicato, y todo lo que ocurra alrededor <a href=\"https:\/\/tecnicat.cat\/es\/sindicat\/comissions\/comissio-comunicacio\/\" class=\"read-more\">Leer m\u00e1s<\/a><\/p>\n","protected":false},"author":5,"featured_media":127,"parent":114,"menu_order":2,"comment_status":"closed","ping_status":"closed","template":"","meta":{"jetpack_post_was_ever_published":false,"footnotes":""},"class_list":["post-126","page","type-page","status-publish","has-post-thumbnail","hentry"],"jetpack_sharing_enabled":true,"jetpack_shortlink":"https:\/\/wp.me\/PbieXp-22","jetpack_likes_enabled":false,"_links":{"self":[{"href":"https:\/\/tecnicat.cat\/es\/wp-json\/wp\/v2\/pages\/126","targetHints":{"allow":["GET"]}}],"collection":[{"href":"https:\/\/tecnicat.cat\/es\/wp-json\/wp\/v2\/pages"}],"about":[{"href":"https:\/\/tecnicat.cat\/es\/wp-json\/wp\/v2\/types\/page"}],"author":[{"embeddable":true,"href":"https:\/\/tecnicat.cat\/es\/wp-json\/wp\/v2\/users\/5"}],"replies":[{"embeddable":true,"href":"https:\/\/tecnicat.cat\/es\/wp-json\/wp\/v2\/comments?post=126"}],"version-history":[{"count":13,"href":"https:\/\/tecnicat.cat\/es\/wp-json\/wp\/v2\/pages\/126\/revisions"}],"predecessor-version":[{"id":780,"href":"https:\/\/tecnicat.cat\/es\/wp-json\/wp\/v2\/pages\/126\/revisions\/780"}],"up":[{"embeddable":true,"href":"https:\/\/tecnicat.cat\/es\/wp-json\/wp\/v2\/pages\/114"}],"wp:featuredmedia":[{"embeddable":true,"href":"https:\/\/tecnicat.cat\/es\/wp-json\/wp\/v2\/media\/127"}],"wp:attachment":[{"href":"https:\/\/tecnicat.cat\/es\/wp-json\/wp\/v2\/media?parent=126"}],"curies":[{"name":"wp","href":"https:\/\/api.w.org\/{rel}","templated":true}]}}