{"id":124,"date":"2018-12-10T20:23:51","date_gmt":"2018-12-10T19:23:51","guid":{"rendered":"https:\/\/tecnicat.cat\/nova\/web\/?page_id=124"},"modified":"2019-01-18T20:26:06","modified_gmt":"2019-01-18T19:26:06","slug":"comissio-base-de-dades","status":"publish","type":"page","link":"https:\/\/tecnicat.cat\/es\/sindicat\/comissions\/comissio-base-de-dades\/","title":{"rendered":"Comisi\u00f3n Base de datos"},"content":{"rendered":"<p>La Comisi\u00f3n Base de datos es la encargada de gestionar los datos del censo de t\u00e9cnicos que estamos llevando a cabo. Tambi\u00e9n se encarga de gestionar la p\u00e1gina web y todos los servicios que se derivan, como los correos electr\u00f3nicos de las comisiones.<\/p>\n<p>Para ponerte en contacto con la Comisi\u00f3n de Base de Datos env\u00eda un correo electr\u00f3nico a:<\/p>\n<p><a href=\"mailto:basededades@tecnicat.cat\">basededades@tecnicat.cat<\/a><\/p>","protected":false},"excerpt":{"rendered":"<p>La Comisi\u00f3n Base de datos es la encargada de gestionar los datos del censo de t\u00e9cnicos que estamos llevando a cabo. Tambi\u00e9n se encarga de gestionar la p\u00e1gina web y todos los servicios que se derivan, como los correos electr\u00f3nicos <a href=\"https:\/\/tecnicat.cat\/es\/sindicat\/comissions\/comissio-base-de-dades\/\" class=\"read-more\">Leer m\u00e1s<\/a><\/p>\n","protected":false},"author":5,"featured_media":20,"parent":114,"menu_order":0,"comment_status":"closed","ping_status":"closed","template":"","meta":{"jetpack_post_was_ever_published":false,"footnotes":""},"class_list":["post-124","page","type-page","status-publish","has-post-thumbnail","hentry"],"jetpack_sharing_enabled":true,"jetpack_shortlink":"https:\/\/wp.me\/PbieXp-20","jetpack_likes_enabled":false,"_links":{"self":[{"href":"https:\/\/tecnicat.cat\/es\/wp-json\/wp\/v2\/pages\/124","targetHints":{"allow":["GET"]}}],"collection":[{"href":"https:\/\/tecnicat.cat\/es\/wp-json\/wp\/v2\/pages"}],"about":[{"href":"https:\/\/tecnicat.cat\/es\/wp-json\/wp\/v2\/types\/page"}],"author":[{"embeddable":true,"href":"https:\/\/tecnicat.cat\/es\/wp-json\/wp\/v2\/users\/5"}],"replies":[{"embeddable":true,"href":"https:\/\/tecnicat.cat\/es\/wp-json\/wp\/v2\/comments?post=124"}],"version-history":[{"count":2,"href":"https:\/\/tecnicat.cat\/es\/wp-json\/wp\/v2\/pages\/124\/revisions"}],"predecessor-version":[{"id":486,"href":"https:\/\/tecnicat.cat\/es\/wp-json\/wp\/v2\/pages\/124\/revisions\/486"}],"up":[{"embeddable":true,"href":"https:\/\/tecnicat.cat\/es\/wp-json\/wp\/v2\/pages\/114"}],"wp:featuredmedia":[{"embeddable":true,"href":"https:\/\/tecnicat.cat\/es\/wp-json\/wp\/v2\/media\/20"}],"wp:attachment":[{"href":"https:\/\/tecnicat.cat\/es\/wp-json\/wp\/v2\/media?parent=124"}],"curies":[{"name":"wp","href":"https:\/\/api.w.org\/{rel}","templated":true}]}}