{"id":121,"date":"2018-12-10T20:20:14","date_gmt":"2018-12-10T19:20:14","guid":{"rendered":"https:\/\/tecnicat.cat\/nova\/web\/?page_id=121"},"modified":"2022-02-08T21:24:17","modified_gmt":"2022-02-08T20:24:17","slug":"comissio-legalitat","status":"publish","type":"page","link":"https:\/\/tecnicat.cat\/es\/sindicat\/comissions\/comissio-legalitat\/","title":{"rendered":"Comisi\u00f3n Legalidad"},"content":{"rendered":"<p>La Comisi\u00f3n de Legalidad es la encargada de estudiar, comprender y explicar el marco legal en el que nos movemos. Tambi\u00e9n es la encargada de que todos los pasos que se est\u00e1n dando y se dar\u00e1n est\u00e9n en el marco de la ley.<\/p>\n<p>Para ponerte en contacto con la comisi\u00f3n de legalidad env\u00eda un correo electr\u00f3nico a:<\/p>\n<p><a href=\"mailto:legalitat@tecnicat.cat\">legalitat@tecnicat.cat<\/a><\/p>","protected":false},"excerpt":{"rendered":"<p>La Comisi\u00f3n de Legalidad es la encargada de estudiar, comprender y explicar el marco legal en el que nos movemos. Tambi\u00e9n es la encargada de que todos los pasos que se est\u00e1n dando y se dar\u00e1n est\u00e9n en el marco <a href=\"https:\/\/tecnicat.cat\/es\/sindicat\/comissions\/comissio-legalitat\/\" class=\"read-more\">Leer m\u00e1s<\/a><\/p>\n","protected":false},"author":5,"featured_media":55,"parent":114,"menu_order":1,"comment_status":"closed","ping_status":"closed","template":"","meta":{"jetpack_post_was_ever_published":false,"footnotes":""},"class_list":["post-121","page","type-page","status-publish","has-post-thumbnail","hentry"],"jetpack_sharing_enabled":true,"jetpack_shortlink":"https:\/\/wp.me\/PbieXp-1X","jetpack_likes_enabled":false,"_links":{"self":[{"href":"https:\/\/tecnicat.cat\/es\/wp-json\/wp\/v2\/pages\/121","targetHints":{"allow":["GET"]}}],"collection":[{"href":"https:\/\/tecnicat.cat\/es\/wp-json\/wp\/v2\/pages"}],"about":[{"href":"https:\/\/tecnicat.cat\/es\/wp-json\/wp\/v2\/types\/page"}],"author":[{"embeddable":true,"href":"https:\/\/tecnicat.cat\/es\/wp-json\/wp\/v2\/users\/5"}],"replies":[{"embeddable":true,"href":"https:\/\/tecnicat.cat\/es\/wp-json\/wp\/v2\/comments?post=121"}],"version-history":[{"count":6,"href":"https:\/\/tecnicat.cat\/es\/wp-json\/wp\/v2\/pages\/121\/revisions"}],"predecessor-version":[{"id":1548,"href":"https:\/\/tecnicat.cat\/es\/wp-json\/wp\/v2\/pages\/121\/revisions\/1548"}],"up":[{"embeddable":true,"href":"https:\/\/tecnicat.cat\/es\/wp-json\/wp\/v2\/pages\/114"}],"wp:featuredmedia":[{"embeddable":true,"href":"https:\/\/tecnicat.cat\/es\/wp-json\/wp\/v2\/media\/55"}],"wp:attachment":[{"href":"https:\/\/tecnicat.cat\/es\/wp-json\/wp\/v2\/media?parent=121"}],"curies":[{"name":"wp","href":"https:\/\/api.w.org\/{rel}","templated":true}]}}